{"id":3025,"date":"2025-02-28T10:07:51","date_gmt":"2025-02-28T10:07:51","guid":{"rendered":"https:\/\/amaniservices.ca\/?page_id=3025"},"modified":"2025-11-01T19:20:45","modified_gmt":"2025-11-01T19:20:45","slug":"ressources","status":"publish","type":"page","link":"http:\/\/amaniservices.ca\/fr\/ressources\/","title":{"rendered":"Ressources"},"content":{"rendered":"\t\t<div data-elementor-type=\"wp-page\" data-elementor-id=\"3025\" class=\"elementor elementor-3025\" data-elementor-post-type=\"page\">\n\t\t\t\t<div class=\"elementor-element elementor-element-0276159 e-flex e-con-boxed e-con e-parent\" data-id=\"0276159\" data-element_type=\"container\" data-e-type=\"container\" data-settings=\"{&quot;background_background&quot;:&quot;classic&quot;}\">\n\t\t\t\t\t<div class=\"e-con-inner\">\n\t\t\t\t\t<\/div>\n\t\t\t\t<\/div>\n\t\t<div class=\"elementor-element elementor-element-23d888d e-flex e-con-boxed e-con e-parent\" data-id=\"23d888d\" data-element_type=\"container\" data-e-type=\"container\" data-settings=\"{&quot;background_background&quot;:&quot;classic&quot;}\">\n\t\t\t\t\t<div class=\"e-con-inner\">\n\t\t\t\t<div class=\"elementor-element elementor-element-ad07d2a elementor-widget elementor-widget-heading\" data-id=\"ad07d2a\" data-element_type=\"widget\" data-e-type=\"widget\" data-widget_type=\"heading.default\">\n\t\t\t\t<div class=\"elementor-widget-container\">\n\t\t\t\t\t<h2 class=\"elementor-heading-title elementor-size-default\">Ressources en sant\u00e9 mentale<\/h2>\t\t\t\t<\/div>\n\t\t\t\t<\/div>\n\t\t\t\t<div class=\"elementor-element elementor-element-57f5e9b elementor-widget elementor-widget-text-editor\" data-id=\"57f5e9b\" data-element_type=\"widget\" data-e-type=\"widget\" data-widget_type=\"text-editor.default\">\n\t\t\t\t<div class=\"elementor-widget-container\">\n\t\t\t\t\t\t\t\t\t<p>D\u00e9couvrez d\u2019autres ressources en sant\u00e9 mentale disponibles, comme des lignes d\u2019\u00e9coute, des programmes communautaires et du mat\u00e9riel \u00e9ducatif.<\/p>\t\t\t\t\t\t\t\t<\/div>\n\t\t\t\t<\/div>\n\t\t\t\t<div class=\"elementor-element elementor-element-e2ec5af elementor-widget__width-auto elementor-tablet-align-center elementor-align-center elementor-widget elementor-widget-button\" data-id=\"e2ec5af\" data-element_type=\"widget\" data-e-type=\"widget\" data-widget_type=\"button.default\">\n\t\t\t\t<div class=\"elementor-widget-container\">\n\t\t\t\t\t\t\t\t\t<div class=\"elementor-button-wrapper\">\n\t\t\t\t\t<a class=\"elementor-button elementor-button-link elementor-size-sm elementor-animation-grow-rotate\" href=\"#elementor-action%3Aaction%3Dpopup%3Aopen%26settings%3DeyJpZCI6IjMxMDUiLCJ0b2dnbGUiOmZhbHNlfQ%3D%3D\">\n\t\t\t\t\t\t<span class=\"elementor-button-content-wrapper\">\n\t\t\t\t\t\t\t\t\t<span class=\"elementor-button-text\">J\u2019AI BESOIN D\u2019AIDE MAINTENANT<\/span>\n\t\t\t\t\t<\/span>\n\t\t\t\t\t<\/a>\n\t\t\t\t<\/div>\n\t\t\t\t\t\t\t\t<\/div>\n\t\t\t\t<\/div>\n\t\t\t\t\t<\/div>\n\t\t\t\t<\/div>\n\t\t<div class=\"elementor-element elementor-element-f534e3a e-con-full elementor-hidden-desktop elementor-hidden-tablet elementor-hidden-mobile e-flex e-con e-parent\" data-id=\"f534e3a\" data-element_type=\"container\" data-e-type=\"container\" id=\"res\" data-settings=\"{&quot;background_background&quot;:&quot;classic&quot;}\">\n\t\t\t\t<div class=\"elementor-element elementor-element-fb0db7f elementor-widget elementor-widget-shortcode\" data-id=\"fb0db7f\" data-element_type=\"widget\" data-e-type=\"widget\" data-widget_type=\"shortcode.default\">\n\t\t\t\t<div class=\"elementor-widget-container\">\n\t\t\t\t\t\t\t<div class=\"elementor-shortcode\">Field not found.<\/div>\n\t\t\t\t\t\t<\/div>\n\t\t\t\t<\/div>\n\t\t<div class=\"elementor-element elementor-element-77b205f e-con-full e-flex e-con e-child\" data-id=\"77b205f\" data-element_type=\"container\" data-e-type=\"container\">\n\t\t\t\t<div class=\"search-filter-query--id-994 elementor-element elementor-element-307f933 elementor-grid-2 elementor-grid-tablet-2 elementor-grid-mobile-1 elementor-widget elementor-widget-loop-grid\" data-id=\"307f933\" data-element_type=\"widget\" data-e-type=\"widget\" data-settings=\"{&quot;template_id&quot;:574,&quot;columns&quot;:2,&quot;pagination_type&quot;:&quot;load_more_infinite_scroll&quot;,&quot;_skin&quot;:&quot;post&quot;,&quot;columns_tablet&quot;:&quot;2&quot;,&quot;columns_mobile&quot;:&quot;1&quot;,&quot;edit_handle_selector&quot;:&quot;[data-elementor-type=\\&quot;loop-item\\&quot;]&quot;,&quot;load_more_spinner&quot;:{&quot;value&quot;:&quot;fas fa-spinner&quot;,&quot;library&quot;:&quot;fa-solid&quot;},&quot;row_gap&quot;:{&quot;unit&quot;:&quot;px&quot;,&quot;size&quot;:&quot;&quot;,&quot;sizes&quot;:[]},&quot;row_gap_tablet&quot;:{&quot;unit&quot;:&quot;px&quot;,&quot;size&quot;:&quot;&quot;,&quot;sizes&quot;:[]},&quot;row_gap_mobile&quot;:{&quot;unit&quot;:&quot;px&quot;,&quot;size&quot;:&quot;&quot;,&quot;sizes&quot;:[]}}\" data-widget_type=\"loop-grid.post\">\n\t\t\t\t<div class=\"elementor-widget-container\">\n\t\t\t\t\t\t\t<div class=\"elementor-loop-container elementor-grid\" role=\"list\">\n\t\t\t\t<\/div>\n\t\t\t\t\t<span class=\"e-load-more-spinner\">\n\t\t\t\t<i aria-hidden=\"true\" class=\"fas fa-spinner\"><\/i>\t\t\t<\/span>\n\t\t\n\t\t\t\t\t\t<\/div>\n\t\t\t\t<\/div>\n\t\t\t\t<\/div>\n\t\t\t\t<\/div>\n\t\t<div class=\"elementor-element elementor-element-767d97d e-con-full e-flex e-con e-parent\" data-id=\"767d97d\" data-element_type=\"container\" data-e-type=\"container\" data-settings=\"{&quot;background_background&quot;:&quot;classic&quot;}\">\n\t\t<div class=\"elementor-element elementor-element-675812b e-con-full e-flex e-con e-child\" data-id=\"675812b\" data-element_type=\"container\" data-e-type=\"container\">\n\t\t\t\t<div class=\"elementor-element elementor-element-941fb17 elementor-grid-3 elementor-grid-tablet-2 elementor-grid-mobile-1 elementor-widget elementor-widget-loop-grid\" data-id=\"941fb17\" data-element_type=\"widget\" data-e-type=\"widget\" data-settings=\"{&quot;template_id&quot;:574,&quot;columns&quot;:3,&quot;pagination_type&quot;:&quot;load_more_infinite_scroll&quot;,&quot;_skin&quot;:&quot;post&quot;,&quot;columns_tablet&quot;:&quot;2&quot;,&quot;columns_mobile&quot;:&quot;1&quot;,&quot;edit_handle_selector&quot;:&quot;[data-elementor-type=\\&quot;loop-item\\&quot;]&quot;,&quot;load_more_spinner&quot;:{&quot;value&quot;:&quot;fas fa-spinner&quot;,&quot;library&quot;:&quot;fa-solid&quot;},&quot;row_gap&quot;:{&quot;unit&quot;:&quot;px&quot;,&quot;size&quot;:&quot;&quot;,&quot;sizes&quot;:[]},&quot;row_gap_tablet&quot;:{&quot;unit&quot;:&quot;px&quot;,&quot;size&quot;:&quot;&quot;,&quot;sizes&quot;:[]},&quot;row_gap_mobile&quot;:{&quot;unit&quot;:&quot;px&quot;,&quot;size&quot;:&quot;&quot;,&quot;sizes&quot;:[]}}\" data-widget_type=\"loop-grid.post\">\n\t\t\t\t<div class=\"elementor-widget-container\">\n\t\t\t\t\t\t\t<div class=\"elementor-loop-container elementor-grid\" role=\"list\">\n\t\t<style id=\"loop-574\">.elementor-574 .elementor-element.elementor-element-12bc0d7{--display:flex;--min-height:42vh;--flex-direction:column;--container-widget-width:100%;--container-widget-height:initial;--container-widget-flex-grow:0;--container-widget-align-self:initial;--flex-wrap-mobile:wrap;--justify-content:space-around;--gap:10px 10px;--row-gap:10px;--column-gap:10px;--border-radius:3px 3px 3px 3px;box-shadow:0px 0px 10px 0px rgba(0, 0, 0, 0.15);--padding-top:50px;--padding-bottom:30px;--padding-left:30px;--padding-right:30px;}.elementor-574 .elementor-element.elementor-element-12bc0d7:not(.elementor-motion-effects-element-type-background), .elementor-574 .elementor-element.elementor-element-12bc0d7 > .elementor-motion-effects-container > .elementor-motion-effects-layer{background-color:var( --e-global-color-text );}.elementor-widget-image .widget-image-caption{color:var( --e-global-color-text );font-family:var( --e-global-typography-text-font-family ), Sans-serif;font-size:var( --e-global-typography-text-font-size );font-weight:var( --e-global-typography-text-font-weight );}.elementor-574 .elementor-element.elementor-element-3404bdc img{width:58%;}.elementor-widget-theme-post-title .elementor-heading-title{font-family:var( --e-global-typography-primary-font-family ), Sans-serif;font-size:var( --e-global-typography-primary-font-size );font-weight:var( --e-global-typography-primary-font-weight );color:var( --e-global-color-primary );}.elementor-574 .elementor-element.elementor-element-522e548{text-align:center;}.elementor-574 .elementor-element.elementor-element-522e548 .elementor-heading-title{font-family:\"Montserrat\", Sans-serif;font-size:20px;font-weight:800;text-decoration:none;line-height:29px;color:var( --e-global-color-9b7873b );}.elementor-574 .elementor-element.elementor-element-522e548 > .elementor-widget-container{margin:0px 0px 20px 0px;}@media(max-width:1280px){.elementor-widget-image .widget-image-caption{font-size:var( --e-global-typography-text-font-size );}.elementor-widget-theme-post-title .elementor-heading-title{font-size:var( --e-global-typography-primary-font-size );}}@media(max-width:767px){.elementor-widget-image .widget-image-caption{font-size:var( --e-global-typography-text-font-size );}.elementor-widget-theme-post-title .elementor-heading-title{font-size:var( --e-global-typography-primary-font-size );}}\/* Start custom CSS for theme-post-title, class: .elementor-element-522e548 *\/#res h3 a{text-decoration: none!important}\/* End custom CSS *\/<\/style>\t\t<div data-elementor-type=\"loop-item\" data-elementor-id=\"574\" class=\"elementor elementor-574 e-loop-item e-loop-item-3098 post-3098 resource type-resource status-publish has-post-thumbnail hentry\" data-elementor-post-type=\"elementor_library\" data-custom-edit-handle=\"1\">\n\t\t\t<div class=\"elementor-element elementor-element-12bc0d7 e-flex e-con-boxed e-con e-parent\" data-id=\"12bc0d7\" data-element_type=\"container\" data-e-type=\"container\" data-settings=\"{&quot;background_background&quot;:&quot;classic&quot;}\">\n\t\t\t\t\t<div class=\"e-con-inner\">\n\t\t\t\t<div class=\"elementor-element elementor-element-3404bdc elementor-widget elementor-widget-image\" data-id=\"3404bdc\" data-element_type=\"widget\" data-e-type=\"widget\" data-widget_type=\"image.default\">\n\t\t\t\t<div class=\"elementor-widget-container\">\n\t\t\t\t\t\t\t\t\t\t\t\t\t\t\t\t<a href=\"http:\/\/amaniservices.ca\/fr\/resource\/jeunesse-jecoute\/\">\n\t\t\t\t\t\t\t<img fetchpriority=\"high\" decoding=\"async\" width=\"751\" height=\"751\" src=\"https:\/\/amaniservices.ca\/wp-content\/uploads\/2025\/03\/KHP-Logo-FR.jpg\" class=\"attachment-medium_large size-medium_large wp-image-3693\" alt=\"\" srcset=\"https:\/\/amaniservices.ca\/wp-content\/uploads\/2025\/03\/KHP-Logo-FR.jpg 751w, https:\/\/amaniservices.ca\/wp-content\/uploads\/2025\/03\/KHP-Logo-FR-300x300.jpg 300w, https:\/\/amaniservices.ca\/wp-content\/uploads\/2025\/03\/KHP-Logo-FR-150x150.jpg 150w, https:\/\/amaniservices.ca\/wp-content\/uploads\/2025\/03\/KHP-Logo-FR-12x12.jpg 12w\" sizes=\"(max-width: 751px) 100vw, 751px\" \/>\t\t\t\t\t\t\t\t<\/a>\n\t\t\t\t\t\t\t\t\t\t\t\t\t\t\t<\/div>\n\t\t\t\t<\/div>\n\t\t\t\t<div class=\"elementor-element elementor-element-522e548 elementor-widget elementor-widget-theme-post-title elementor-page-title elementor-widget-heading\" data-id=\"522e548\" data-element_type=\"widget\" data-e-type=\"widget\" data-widget_type=\"theme-post-title.default\">\n\t\t\t\t<div class=\"elementor-widget-container\">\n\t\t\t\t\t<h3 class=\"elementor-heading-title elementor-size-default\"><a href=\"http:\/\/amaniservices.ca\/fr\/resource\/jeunesse-jecoute\/\">Jeunesse j&#8217;\u00e9coute<\/a><\/h3>\t\t\t\t<\/div>\n\t\t\t\t<\/div>\n\t\t\t\t\t<\/div>\n\t\t\t\t<\/div>\n\t\t\t\t<\/div>\n\t\t\t\t<div data-elementor-type=\"loop-item\" data-elementor-id=\"574\" class=\"elementor elementor-574 e-loop-item e-loop-item-3097 post-3097 resource type-resource status-publish has-post-thumbnail hentry\" data-elementor-post-type=\"elementor_library\" data-custom-edit-handle=\"1\">\n\t\t\t<div class=\"elementor-element elementor-element-12bc0d7 e-flex e-con-boxed e-con e-parent\" data-id=\"12bc0d7\" data-element_type=\"container\" data-e-type=\"container\" data-settings=\"{&quot;background_background&quot;:&quot;classic&quot;}\">\n\t\t\t\t\t<div class=\"e-con-inner\">\n\t\t\t\t<div class=\"elementor-element elementor-element-3404bdc elementor-widget elementor-widget-image\" data-id=\"3404bdc\" data-element_type=\"widget\" data-e-type=\"widget\" data-widget_type=\"image.default\">\n\t\t\t\t<div class=\"elementor-widget-container\">\n\t\t\t\t\t\t\t\t\t\t\t\t\t\t\t\t<a href=\"http:\/\/amaniservices.ca\/fr\/resource\/healing-in-colour-2\/\">\n\t\t\t\t\t\t\t<img decoding=\"async\" width=\"768\" height=\"768\" src=\"https:\/\/amaniservices.ca\/wp-content\/uploads\/2024\/02\/6-768x768.png\" class=\"attachment-medium_large size-medium_large wp-image-2061\" alt=\"Healing in Colour logo with three overlapping circles\" srcset=\"https:\/\/amaniservices.ca\/wp-content\/uploads\/2024\/02\/6-768x768.png 768w, https:\/\/amaniservices.ca\/wp-content\/uploads\/2024\/02\/6-300x300.png 300w, https:\/\/amaniservices.ca\/wp-content\/uploads\/2024\/02\/6-1024x1024.png 1024w, https:\/\/amaniservices.ca\/wp-content\/uploads\/2024\/02\/6-150x150.png 150w, https:\/\/amaniservices.ca\/wp-content\/uploads\/2024\/02\/6.png 1080w\" sizes=\"(max-width: 768px) 100vw, 768px\" \/>\t\t\t\t\t\t\t\t<\/a>\n\t\t\t\t\t\t\t\t\t\t\t\t\t\t\t<\/div>\n\t\t\t\t<\/div>\n\t\t\t\t<div class=\"elementor-element elementor-element-522e548 elementor-widget elementor-widget-theme-post-title elementor-page-title elementor-widget-heading\" data-id=\"522e548\" data-element_type=\"widget\" data-e-type=\"widget\" data-widget_type=\"theme-post-title.default\">\n\t\t\t\t<div class=\"elementor-widget-container\">\n\t\t\t\t\t<h3 class=\"elementor-heading-title elementor-size-default\"><a href=\"http:\/\/amaniservices.ca\/fr\/resource\/healing-in-colour-2\/\">Healing In Colour<\/a><\/h3>\t\t\t\t<\/div>\n\t\t\t\t<\/div>\n\t\t\t\t\t<\/div>\n\t\t\t\t<\/div>\n\t\t\t\t<\/div>\n\t\t\t\t<\/div>\n\t\t\t\t\t<span class=\"e-load-more-spinner\">\n\t\t\t\t<i aria-hidden=\"true\" class=\"fas fa-spinner\"><\/i>\t\t\t<\/span>\n\t\t\n\t\t\t\t\t\t<\/div>\n\t\t\t\t<\/div>\n\t\t\t\t<\/div>\n\t\t\t\t<\/div>\n\t\t\t\t<\/div>\n\t\t","protected":false},"excerpt":{"rendered":"<p>Ressources en sant\u00e9 mentale D\u00e9couvrez d\u2019autres ressources en sant\u00e9 mentale disponibles, comme des lignes d\u2019\u00e9coute, des programmes communautaires et du mat\u00e9riel \u00e9ducatif. J\u2019AI BESOIN D\u2019AIDE MAINTENANT<\/p>","protected":false},"author":1,"featured_media":0,"parent":0,"menu_order":0,"comment_status":"closed","ping_status":"closed","template":"","meta":{"_acf_changed":false,"footnotes":""},"class_list":["post-3025","page","type-page","status-publish","hentry"],"acf":[],"_links":{"self":[{"href":"http:\/\/amaniservices.ca\/fr\/wp-json\/wp\/v2\/pages\/3025","targetHints":{"allow":["GET"]}}],"collection":[{"href":"http:\/\/amaniservices.ca\/fr\/wp-json\/wp\/v2\/pages"}],"about":[{"href":"http:\/\/amaniservices.ca\/fr\/wp-json\/wp\/v2\/types\/page"}],"author":[{"embeddable":true,"href":"http:\/\/amaniservices.ca\/fr\/wp-json\/wp\/v2\/users\/1"}],"replies":[{"embeddable":true,"href":"http:\/\/amaniservices.ca\/fr\/wp-json\/wp\/v2\/comments?post=3025"}],"version-history":[{"count":19,"href":"http:\/\/amaniservices.ca\/fr\/wp-json\/wp\/v2\/pages\/3025\/revisions"}],"predecessor-version":[{"id":3681,"href":"http:\/\/amaniservices.ca\/fr\/wp-json\/wp\/v2\/pages\/3025\/revisions\/3681"}],"wp:attachment":[{"href":"http:\/\/amaniservices.ca\/fr\/wp-json\/wp\/v2\/media?parent=3025"}],"curies":[{"name":"wp","href":"https:\/\/api.w.org\/{rel}","templated":true}]}}