{"id":3136,"date":"2025-04-02T13:39:22","date_gmt":"2025-04-02T13:39:22","guid":{"rendered":"https:\/\/amaniservices.ca\/?page_id=3136"},"modified":"2025-07-16T16:59:06","modified_gmt":"2025-07-16T16:59:06","slug":"accessibilite","status":"publish","type":"page","link":"http:\/\/amaniservices.ca\/fr\/accessibilite\/","title":{"rendered":"Accessibilit\u00e9"},"content":{"rendered":"<div data-elementor-type=\"wp-page\" data-elementor-id=\"3136\" class=\"elementor elementor-3136\" data-elementor-post-type=\"page\">\n\t\t\t\t<div class=\"elementor-element elementor-element-5acb8aa e-flex e-con-boxed e-con e-parent\" data-id=\"5acb8aa\" data-element_type=\"container\" data-e-type=\"container\" data-settings=\"{&quot;background_background&quot;:&quot;classic&quot;}\">\n\t\t\t\t\t<div class=\"e-con-inner\">\n\t\t\t\t<div class=\"elementor-element elementor-element-3d0bbf9 elementor-widget elementor-widget-heading\" data-id=\"3d0bbf9\" data-element_type=\"widget\" data-e-type=\"widget\" data-widget_type=\"heading.default\">\n\t\t\t\t<div class=\"elementor-widget-container\">\n\t\t\t\t\t<h1 class=\"elementor-heading-title elementor-size-default\">Accessibilit\u00e9<\/h1>\t\t\t\t<\/div>\n\t\t\t\t<\/div>\n\t\t<div class=\"elementor-element elementor-element-fb199b3 e-flex e-con-boxed e-con e-child\" data-id=\"fb199b3\" data-element_type=\"container\" data-e-type=\"container\" data-settings=\"{&quot;background_background&quot;:&quot;classic&quot;}\">\n\t\t\t\t\t<div class=\"e-con-inner\">\n\t\t<div class=\"elementor-element elementor-element-05988d8 e-con-full e-flex e-con e-child\" data-id=\"05988d8\" data-element_type=\"container\" data-e-type=\"container\">\n\t\t\t\t<div class=\"elementor-element elementor-element-c7f75b1 elementor-widget elementor-widget-image\" data-id=\"c7f75b1\" data-element_type=\"widget\" data-e-type=\"widget\" data-widget_type=\"image.default\">\n\t\t\t\t<div class=\"elementor-widget-container\">\n\t\t\t\t\t\t\t\t\t\t\t\t\t\t\t<img fetchpriority=\"high\" decoding=\"async\" width=\"800\" height=\"836\" src=\"https:\/\/amaniservices.ca\/wp-content\/uploads\/2023\/12\/Amplify-banners_02-02-e1703142970968-980x1024.png\" class=\"attachment-large size-large wp-image-1468\" alt=\"Young boy with braces with a wide smile on his face\" srcset=\"https:\/\/amaniservices.ca\/wp-content\/uploads\/2023\/12\/Amplify-banners_02-02-e1703142970968-980x1024.png 980w, https:\/\/amaniservices.ca\/wp-content\/uploads\/2023\/12\/Amplify-banners_02-02-e1703142970968-287x300.png 287w, https:\/\/amaniservices.ca\/wp-content\/uploads\/2023\/12\/Amplify-banners_02-02-e1703142970968-768x802.png 768w, https:\/\/amaniservices.ca\/wp-content\/uploads\/2023\/12\/Amplify-banners_02-02-e1703142970968-1470x1536.png 1470w, https:\/\/amaniservices.ca\/wp-content\/uploads\/2023\/12\/Amplify-banners_02-02-e1703142970968.png 1472w\" sizes=\"(max-width: 800px) 100vw, 800px\" \/>\t\t\t\t\t\t\t\t\t\t\t\t\t\t\t<\/div>\n\t\t\t\t<\/div>\n\t\t\t\t<\/div>\n\t\t<div class=\"elementor-element elementor-element-ca28906 e-con-full e-flex e-con e-child\" data-id=\"ca28906\" data-element_type=\"container\" data-e-type=\"container\">\n\t\t\t\t<div class=\"elementor-element elementor-element-95d75ab elementor-widget elementor-widget-text-editor\" data-id=\"95d75ab\" data-element_type=\"widget\" data-e-type=\"widget\" data-widget_type=\"text-editor.default\">\n\t\t\t\t<div class=\"elementor-widget-container\">\n\t\t\t\t\t\t\t\t\t<p><span style=\"font-weight: 400;\">AMANI s\u2019engage \u00e0 offrir un site web accessible aux personnes en situation de handicap. Nous avons con\u00e7u notre site en respectant les normes WCAG 2.0 niveau AA (R\u00e8gles pour l\u2019accessibilit\u00e9 des contenus Web 2.0), une norme internationale reconnue, d\u00e9velopp\u00e9e par le World Wide Web Consortium (W3C).<\/span><\/p><p><span style=\"font-weight: 400;\">Si vous avez des pr\u00e9occupations ou si vous ne parvenez pas \u00e0 acc\u00e9der \u00e0 certains contenus, veuillez<\/span> <strong><a href=\"https:\/\/amaniservices.ca\/fr\/nous-contacter\/\">nous contacter.<\/a><\/strong><\/p><p><span style=\"font-weight: 400;\">Veuillez noter que le site amaniservices.ca peut contenir des liens vers des contenus tiers qui ne sont pas accessibles.<\/span><\/p>\t\t\t\t\t\t\t\t<\/div>\n\t\t\t\t<\/div>\n\t\t\t\t<div class=\"elementor-element elementor-element-da9b002 elementor-widget-divider--view-line elementor-widget elementor-widget-divider\" data-id=\"da9b002\" data-element_type=\"widget\" data-e-type=\"widget\" data-widget_type=\"divider.default\">\n\t\t\t\t<div class=\"elementor-widget-container\">\n\t\t\t\t\t\t\t<div class=\"elementor-divider\">\n\t\t\t<span class=\"elementor-divider-separator\">\n\t\t\t\t\t\t<\/span>\n\t\t<\/div>\n\t\t\t\t\t\t<\/div>\n\t\t\t\t<\/div>\n\t\t\t\t<\/div>\n\t\t\t\t\t<\/div>\n\t\t\t\t<\/div>\n\t\t\t\t\t<\/div>\n\t\t\t\t<\/div>\n\t\t\t\t<\/div>","protected":false},"excerpt":{"rendered":"<p>AMANI s\u2019engage \u00e0 offrir un site web accessible aux personnes en situation de handicap. Nous avons con\u00e7u notre site en respectant les normes WCAG 2.0 niveau AA (R\u00e8gles pour l\u2019accessibilit\u00e9 des contenus Web 2.0), une norme internationale reconnue, d\u00e9velopp\u00e9e par le World Wide Web Consortium (W3C). Si vous avez des pr\u00e9occupations ou si vous ne [&hellip;]<\/p>\n","protected":false},"author":1,"featured_media":0,"parent":0,"menu_order":0,"comment_status":"closed","ping_status":"closed","template":"","meta":{"_acf_changed":false,"footnotes":""},"class_list":["post-3136","page","type-page","status-publish","hentry"],"acf":[],"_links":{"self":[{"href":"http:\/\/amaniservices.ca\/fr\/wp-json\/wp\/v2\/pages\/3136","targetHints":{"allow":["GET"]}}],"collection":[{"href":"http:\/\/amaniservices.ca\/fr\/wp-json\/wp\/v2\/pages"}],"about":[{"href":"http:\/\/amaniservices.ca\/fr\/wp-json\/wp\/v2\/types\/page"}],"author":[{"embeddable":true,"href":"http:\/\/amaniservices.ca\/fr\/wp-json\/wp\/v2\/users\/1"}],"replies":[{"embeddable":true,"href":"http:\/\/amaniservices.ca\/fr\/wp-json\/wp\/v2\/comments?post=3136"}],"version-history":[{"count":7,"href":"http:\/\/amaniservices.ca\/fr\/wp-json\/wp\/v2\/pages\/3136\/revisions"}],"predecessor-version":[{"id":3439,"href":"http:\/\/amaniservices.ca\/fr\/wp-json\/wp\/v2\/pages\/3136\/revisions\/3439"}],"wp:attachment":[{"href":"http:\/\/amaniservices.ca\/fr\/wp-json\/wp\/v2\/media?parent=3136"}],"curies":[{"name":"wp","href":"https:\/\/api.w.org\/{rel}","templated":true}]}}