{"id":3078,"date":"2025-03-31T19:09:26","date_gmt":"2025-03-31T19:09:26","guid":{"rendered":"https:\/\/amaniservices.ca\/?page_id=3078"},"modified":"2026-04-24T05:56:36","modified_gmt":"2026-04-24T05:56:36","slug":"nous-contacter","status":"publish","type":"page","link":"https:\/\/amaniservices.ca\/fr\/nous-contacter\/","title":{"rendered":"Nous contacter"},"content":{"rendered":"<div data-elementor-type=\"wp-page\" data-elementor-id=\"3078\" class=\"elementor elementor-3078\" data-elementor-post-type=\"page\">\n\t\t\t\t<div class=\"elementor-element elementor-element-6a28123 e-flex e-con-boxed e-con e-parent\" data-id=\"6a28123\" data-element_type=\"container\" data-e-type=\"container\" data-settings=\"{&quot;background_background&quot;:&quot;classic&quot;}\">\n\t\t\t\t\t<div class=\"e-con-inner\">\n\t\t<div class=\"elementor-element elementor-element-f982d4e e-con-full e-flex e-con e-child\" data-id=\"f982d4e\" data-element_type=\"container\" data-e-type=\"container\">\n\t\t\t\t<div class=\"elementor-element elementor-element-1fd3f47 elementor-widget-tablet__width-initial elementor-widget elementor-widget-image\" data-id=\"1fd3f47\" data-element_type=\"widget\" data-e-type=\"widget\" data-widget_type=\"image.default\">\n\t\t\t\t<div class=\"elementor-widget-container\">\n\t\t\t\t\t\t\t\t\t\t\t\t\t\t\t<img fetchpriority=\"high\" decoding=\"async\" width=\"800\" height=\"645\" src=\"https:\/\/amaniservices.ca\/wp-content\/uploads\/2023\/12\/Amplify-banners_02-07-1024x825.png\" class=\"attachment-large size-large wp-image-1473\" alt=\"Woman and man smiling\" srcset=\"https:\/\/amaniservices.ca\/wp-content\/uploads\/2023\/12\/Amplify-banners_02-07-1024x825.png 1024w, https:\/\/amaniservices.ca\/wp-content\/uploads\/2023\/12\/Amplify-banners_02-07-300x242.png 300w, https:\/\/amaniservices.ca\/wp-content\/uploads\/2023\/12\/Amplify-banners_02-07-768x618.png 768w, https:\/\/amaniservices.ca\/wp-content\/uploads\/2023\/12\/Amplify-banners_02-07-1536x1237.png 1536w, https:\/\/amaniservices.ca\/wp-content\/uploads\/2023\/12\/Amplify-banners_02-07-2048x1649.png 2048w\" sizes=\"(max-width: 800px) 100vw, 800px\" \/>\t\t\t\t\t\t\t\t\t\t\t\t\t\t\t<\/div>\n\t\t\t\t<\/div>\n\t\t\t\t<\/div>\n\t\t<div class=\"elementor-element elementor-element-e6d55a7 e-con-full e-flex e-con e-child\" data-id=\"e6d55a7\" data-element_type=\"container\" data-e-type=\"container\">\n\t\t\t\t<div class=\"elementor-element elementor-element-c74bba7 elementor-widget-mobile__width-initial elementor-widget elementor-widget-heading\" data-id=\"c74bba7\" data-element_type=\"widget\" data-e-type=\"widget\" data-widget_type=\"heading.default\">\n\t\t\t\t<div class=\"elementor-widget-container\">\n\t\t\t\t\t<h2 class=\"elementor-heading-title elementor-size-default\">Prenez contact avec AMANI<\/h2>\t\t\t\t<\/div>\n\t\t\t\t<\/div>\n\t\t\t\t<div class=\"elementor-element elementor-element-fa23411 elementor-widget__width-initial elementor-widget elementor-widget-text-editor\" data-id=\"fa23411\" data-element_type=\"widget\" data-e-type=\"widget\" data-widget_type=\"text-editor.default\">\n\t\t\t\t<div class=\"elementor-widget-container\">\n\t\t\t\t\t\t\t\t\t<p><span style=\"color: var( --e-global-color-text ); text-align: var(--text-align); background-color: var( --e-global-color-secondary );\"><span style=\"font-weight: 400;\">Pour en savoir plus sur notre organisation, ou pour toute demande li\u00e9e aux m\u00e9dias, \u00e0 des pr\u00e9sentations ou autres, veuillez \u00e9crire \u00e0 notre \u00e9quipe \u00e0 l\u2019adresse suivante: <\/span><strong><a href=\"mailto:info.amani@camh.ca\">info.amani@<\/a><\/strong><\/span><span style=\"color: var( --e-global-color-text ); text-align: var(--text-align); background-color: var( --e-global-color-secondary );\"><strong><a href=\"mailto:amani@camh.ca\">camh.ca<\/a><\/strong><\/span><\/p>\t\t\t\t\t\t\t\t<\/div>\n\t\t\t\t<\/div>\n\t\t\t\t<div class=\"elementor-element elementor-element-2817700 elementor-widget-divider--separator-type-pattern elementor-widget-divider--no-spacing elementor-widget-divider--view-line elementor-widget elementor-widget-divider\" data-id=\"2817700\" data-element_type=\"widget\" data-e-type=\"widget\" data-widget_type=\"divider.default\">\n\t\t\t\t<div class=\"elementor-widget-container\">\n\t\t\t\t\t\t\t<div class=\"elementor-divider\" style=\"--divider-pattern-url: url(&quot;data:image\/svg+xml,%3Csvg xmlns=&#039;http:\/\/www.w3.org\/2000\/svg&#039; preserveAspectRatio=&#039;xMidYMid meet&#039; overflow=&#039;visible&#039; height=&#039;100%&#039; viewBox=&#039;0 0 126 26&#039; fill=&#039;black&#039; stroke=&#039;none&#039;%3E%3Cpath d=&#039;M3,10.2c2.6,0,2.6,2,2.6,3.2S4.4,16.5,3,16.5s-3-1.4-3-3.2S0.4,10.2,3,10.2z M18.8,10.2c1.7,0,3.2,1.4,3.2,3.2s-1.4,3.2-3.2,3.2c-1.7,0-3.2-1.4-3.2-3.2S17,10.2,18.8,10.2z M34.6,10.2c1.5,0,2.6,1.4,2.6,3.2s-0.5,3.2-1.9,3.2c-1.5,0-3.4-1.4-3.4-3.2S33.1,10.2,34.6,10.2z M50.5,10.2c1.7,0,3.2,1.4,3.2,3.2s-1.4,3.2-3.2,3.2c-1.7,0-3.3-0.9-3.3-2.6S48.7,10.2,50.5,10.2z M66.2,10.2c1.5,0,3.4,1.4,3.4,3.2s-1.9,3.2-3.4,3.2c-1.5,0-2.6-0.4-2.6-2.1S64.8,10.2,66.2,10.2z M82.2,10.2c1.7,0.8,2.6,1.4,2.6,3.2s-0.1,3.2-1.6,3.2c-1.5,0-3.7-1.4-3.7-3.2S80.5,9.4,82.2,10.2zM98.6,10.2c1.5,0,2.6,0.4,2.6,2.1s-1.2,4.2-2.6,4.2c-1.5,0-3.7-0.4-3.7-2.1S97.1,10.2,98.6,10.2z M113.4,10.2c1.2,0,2.2,0.9,2.2,3.2s-0.1,3.2-1.3,3.2s-3.1-1.4-3.1-3.2S112.2,10.2,113.4,10.2z&#039;\/%3E%3C\/svg%3E&quot;);\">\n\t\t\t<span class=\"elementor-divider-separator\">\n\t\t\t\t\t\t<\/span>\n\t\t<\/div>\n\t\t\t\t\t\t<\/div>\n\t\t\t\t<\/div>\n\t\t\t\t<\/div>\n\t\t\t\t\t<\/div>\n\t\t\t\t<\/div>\n\t\t<div class=\"elementor-element elementor-element-2fedcf5 e-flex e-con-boxed e-con e-parent\" data-id=\"2fedcf5\" data-element_type=\"container\" data-e-type=\"container\" data-settings=\"{&quot;background_background&quot;:&quot;classic&quot;}\">\n\t\t\t\t\t<div class=\"e-con-inner\">\n\t\t\t\t<div class=\"elementor-element elementor-element-4b48b45 elementor-widget__width-initial elementor-widget elementor-widget-heading\" data-id=\"4b48b45\" data-element_type=\"widget\" data-e-type=\"widget\" data-widget_type=\"heading.default\">\n\t\t\t\t<div class=\"elementor-widget-container\">\n\t\t\t\t\t<h2 class=\"elementor-heading-title elementor-size-default\">Pour une orientation directe vers les services d\u2019AMANI<\/h2>\t\t\t\t<\/div>\n\t\t\t\t<\/div>\n\t\t\t\t<div class=\"elementor-element elementor-element-c68f180 elementor-widget__width-initial elementor-widget elementor-widget-text-editor\" data-id=\"c68f180\" data-element_type=\"widget\" data-e-type=\"widget\" data-widget_type=\"text-editor.default\">\n\t\t\t\t<div class=\"elementor-widget-container\">\n\t\t\t\t\t\t\t\t\t<p><span style=\"font-weight: 400;\">Si vous souhaitez acc\u00e9der \u00e0 notre <\/span><b>Programme de sant\u00e9 mentale et d\u2019usage de substances<\/b><span style=\"font-weight: 400;\">, veuillez contacter le site le plus proche de chez vous en utilisant les coordonn\u00e9es ci-dessous.<\/span><\/p>\t\t\t\t\t\t\t\t<\/div>\n\t\t\t\t<\/div>\n\t\t\t\t\t<\/div>\n\t\t\t\t<\/div>\n\t\t<div class=\"elementor-element elementor-element-fbf3296 e-flex e-con-boxed e-con e-parent\" data-id=\"fbf3296\" data-element_type=\"container\" data-e-type=\"container\" data-settings=\"{&quot;background_background&quot;:&quot;classic&quot;}\">\n\t\t\t\t\t<div class=\"e-con-inner\">\n\t\t<div class=\"elementor-element elementor-element-c481b21 e-con-full e-flex e-con e-child\" data-id=\"c481b21\" data-element_type=\"container\" data-e-type=\"container\">\n\t\t<div class=\"elementor-element elementor-element-fb798ab e-flex e-con-boxed e-con e-child\" data-id=\"fb798ab\" data-element_type=\"container\" data-e-type=\"container\">\n\t\t\t\t\t<div class=\"e-con-inner\">\n\t\t\t\t<div class=\"elementor-element elementor-element-81eeff5 elementor-widget elementor-widget-accordion\" data-id=\"81eeff5\" data-element_type=\"widget\" data-e-type=\"widget\" data-widget_type=\"accordion.default\">\n\t\t\t\t<div class=\"elementor-widget-container\">\n\t\t\t\t\t\t\t<div class=\"elementor-accordion\">\n\t\t\t\t\t\t\t<div class=\"elementor-accordion-item\">\n\t\t\t\t\t<div id=\"elementor-tab-title-1361\" class=\"elementor-tab-title\" data-tab=\"1\" role=\"button\" aria-controls=\"elementor-tab-content-1361\" aria-expanded=\"false\">\n\t\t\t\t\t\t\t\t\t\t\t\t\t<span class=\"elementor-accordion-icon elementor-accordion-icon-right\" aria-hidden=\"true\">\n\t\t\t\t\t\t\t\t\t\t\t\t\t\t\t<span class=\"elementor-accordion-icon-closed\"><i class=\"fas fa-chevron-down\"><\/i><\/span>\n\t\t\t\t\t\t\t\t<span class=\"elementor-accordion-icon-opened\"><i class=\"fas fa-chevron-up\"><\/i><\/span>\n\t\t\t\t\t\t\t\t\t\t\t\t\t\t<\/span>\n\t\t\t\t\t\t\t\t\t\t\t\t<a class=\"elementor-accordion-title\" tabindex=\"0\">Etobicoke<\/a>\n\t\t\t\t\t<\/div>\n\t\t\t\t\t<div id=\"elementor-tab-content-1361\" class=\"elementor-tab-content elementor-clearfix\" data-tab=\"1\" role=\"region\" aria-labelledby=\"elementor-tab-title-1361\" data-no-translation=\"\" data-trp-gettext=\"\"><ul><li style=\"font-weight: 400;\" aria-level=\"1\"><a href=\"https:\/\/www.camh.ca\/en\/patients-and-families\/programs-and-services\/amani-mental-health-and-substance-use-program\"><span style=\"font-weight: 400;\">Le Centre de sant\u00e9 communautaire Rexdale compte trois sites :<\/span><\/a><ul><li style=\"font-weight: 400;\" aria-level=\"2\"><a href=\"https:\/\/www.camh.ca\/en\/patients-and-families\/programs-and-services\/amani-mental-health-and-substance-use-program\"><span style=\"font-weight: 400;\">Bureau principal du CSC de Rexdale (8 Taber Road, Etobicoke, ON, M9W\u00a03A4)<\/span><\/a><\/li><li style=\"font-weight: 400;\" aria-level=\"2\"><a href=\"https:\/\/www.camh.ca\/en\/patients-and-families\/programs-and-services\/amani-mental-health-and-substance-use-program\"><span style=\"font-weight: 400;\">P\u00f4le du CSC de Rexdale (15-21 Panorama Court, Etobicoke, ON, M9V\u00a04E3)<\/span><\/a><\/li><li style=\"font-weight: 400;\" aria-level=\"2\"><a href=\"https:\/\/www.camh.ca\/en\/patients-and-families\/programs-and-services\/amani-mental-health-and-substance-use-program\"><span style=\"font-weight: 400;\">Bureau Dixon (301-222 Dixon Road, Etobicoke, ON, M9P 3S5)<\/span><\/a><\/li><\/ul><\/li><\/ul><p><a href=\"https:\/\/www.camh.ca\/en\/patients-and-families\/programs-and-services\/amani-mental-health-and-substance-use-program\"><span style=\"font-weight: 400;\"><br \/>Pour en savoir plus sur le programme ou pour prendre rendez-vous, appelez le 416-744-0066 et appuyez sur 1, option 1.<\/span><\/a><\/p><p><a href=\"https:\/\/www.camh.ca\/en\/patients-and-families\/programs-and-services\/amani-mental-health-and-substance-use-program\">Instagram |<\/a> Facebook<\/p><\/div>\n\t\t\t\t<\/div>\n\t\t\t\t\t\t\t<div class=\"elementor-accordion-item\">\n\t\t\t\t\t<div id=\"elementor-tab-title-1362\" class=\"elementor-tab-title\" data-tab=\"2\" role=\"button\" aria-controls=\"elementor-tab-content-1362\" aria-expanded=\"false\">\n\t\t\t\t\t\t\t\t\t\t\t\t\t<span class=\"elementor-accordion-icon elementor-accordion-icon-right\" aria-hidden=\"true\">\n\t\t\t\t\t\t\t\t\t\t\t\t\t\t\t<span class=\"elementor-accordion-icon-closed\"><i class=\"fas fa-chevron-down\"><\/i><\/span>\n\t\t\t\t\t\t\t\t<span class=\"elementor-accordion-icon-opened\"><i class=\"fas fa-chevron-up\"><\/i><\/span>\n\t\t\t\t\t\t\t\t\t\t\t\t\t\t<\/span>\n\t\t\t\t\t\t\t\t\t\t\t\t<a class=\"elementor-accordion-title\" tabindex=\"0\">Hamilton<\/a>\n\t\t\t\t\t<\/div>\n\t\t\t\t\t<div id=\"elementor-tab-content-1362\" class=\"elementor-tab-content elementor-clearfix\" data-tab=\"2\" role=\"region\" aria-labelledby=\"elementor-tab-title-1362\" data-no-translation=\"\" data-trp-gettext=\"\"><p><strong><a href=\"https:\/\/hucchc.com\/black-health-program\">Centre de sant\u00e9 communautaire Hamilton Urban Core<\/a><br \/><\/strong><span style=\"font-weight: 400;\">181, rue Main Ouest, Hamilton (Ontario) L8P 4Y4<\/span><\/p><p><span style=\"font-weight: 400;\">Pour plus d\u2019informations ou pour prendre rendez-vous, appelez le 905-522-3233.<\/span><\/p><p><a href=\"https:\/\/www.instagram.com\/hamiltonurbancore\/?hl=en\">Instagram<\/a> | <a href=\"https:\/\/www.facebook.com\/HamiltonUrbanCoreCommunityHealthCentre\/\">Facebook<\/a><\/p><\/div>\n\t\t\t\t<\/div>\n\t\t\t\t\t\t\t<div class=\"elementor-accordion-item\">\n\t\t\t\t\t<div id=\"elementor-tab-title-1363\" class=\"elementor-tab-title\" data-tab=\"3\" role=\"button\" aria-controls=\"elementor-tab-content-1363\" aria-expanded=\"false\">\n\t\t\t\t\t\t\t\t\t\t\t\t\t<span class=\"elementor-accordion-icon elementor-accordion-icon-right\" aria-hidden=\"true\">\n\t\t\t\t\t\t\t\t\t\t\t\t\t\t\t<span class=\"elementor-accordion-icon-closed\"><i class=\"fas fa-chevron-down\"><\/i><\/span>\n\t\t\t\t\t\t\t\t<span class=\"elementor-accordion-icon-opened\"><i class=\"fas fa-chevron-up\"><\/i><\/span>\n\t\t\t\t\t\t\t\t\t\t\t\t\t\t<\/span>\n\t\t\t\t\t\t\t\t\t\t\t\t<a class=\"elementor-accordion-title\" tabindex=\"0\">North York<\/a>\n\t\t\t\t\t<\/div>\n\t\t\t\t\t<div id=\"elementor-tab-content-1363\" class=\"elementor-tab-content elementor-clearfix\" data-tab=\"3\" role=\"region\" aria-labelledby=\"elementor-tab-title-1363\" data-no-translation=\"\" data-trp-gettext=\"\"><p><strong><a href=\"https:\/\/cafcan.org\/amani-mental-health-and-substance-use-services-for-black-youth\/\">Les services sociaux Afro-canadiens des Cara\u00efbes<\/a><br \/><\/strong><span style=\"font-weight: 400;\">995, chemin Arrow, North York, ON, M9M 2Z5<\/span><\/p><p>Pour plus d\u2019informations ou pour prendre rendez-vous, appelez le 1-877-906-0667 ext 122\u00a0ou envoyez un courriel \u00e0 <a style=\"font-weight: 400;\" href=\"mailto:info@cafcan.org\">info@cafcan.org<\/a><\/p><p><a href=\"https:\/\/www.instagram.com\/cafcansocialservices\/?locale=us\">Instagram<\/a> | <a href=\"https:\/\/www.facebook.com\/CAFCANSocialServices\/\">Facebook<\/a><\/p><\/div>\n\t\t\t\t<\/div>\n\t\t\t\t\t\t\t<div class=\"elementor-accordion-item\">\n\t\t\t\t\t<div id=\"elementor-tab-title-1364\" class=\"elementor-tab-title\" data-tab=\"4\" role=\"button\" aria-controls=\"elementor-tab-content-1364\" aria-expanded=\"false\">\n\t\t\t\t\t\t\t\t\t\t\t\t\t<span class=\"elementor-accordion-icon elementor-accordion-icon-right\" aria-hidden=\"true\">\n\t\t\t\t\t\t\t\t\t\t\t\t\t\t\t<span class=\"elementor-accordion-icon-closed\"><i class=\"fas fa-chevron-down\"><\/i><\/span>\n\t\t\t\t\t\t\t\t<span class=\"elementor-accordion-icon-opened\"><i class=\"fas fa-chevron-up\"><\/i><\/span>\n\t\t\t\t\t\t\t\t\t\t\t\t\t\t<\/span>\n\t\t\t\t\t\t\t\t\t\t\t\t<a class=\"elementor-accordion-title\" tabindex=\"0\">Ottawa<\/a>\n\t\t\t\t\t<\/div>\n\t\t\t\t\t<div id=\"elementor-tab-content-1364\" class=\"elementor-tab-content elementor-clearfix\" data-tab=\"4\" role=\"region\" aria-labelledby=\"elementor-tab-title-1364\" data-no-translation=\"\" data-trp-gettext=\"\"><p><strong><a href=\"https:\/\/www.upstreamottawa.ca\/services\/blank-1\">Soutien communautaire en sant\u00e9 mentale<\/a><br \/><\/strong><span style=\"font-weight: 400;\">204-100, promenade Craig Henry, Nepean, ON, K2G 5W3<\/span><\/p><p><span style=\"font-weight: 400;\">Pour plus d\u2019informations, appelez le 613-248-3330 ou envoyez un courriel \u00e0 <\/span><a href=\"mailto:amani@upstreamottawa.ca\"><span style=\"font-weight: 400;\">amani@upstreamottawa.ca<\/span><\/a><\/p><p><span style=\"font-weight: 400;\">Vous pouvez \u00e9galement prendre rendez-vous <\/span><a href=\"https:\/\/www.upstreamottawa.ca\/sapaccy\/\"><span style=\"font-weight: 400;\">en ligne<\/span><\/a><span style=\"font-weight: 400;\">.<\/span><\/p><p><a href=\"https:\/\/www.instagram.com\/upstreamottawa\/\">Instagram<\/a> | <a href=\"https:\/\/www.facebook.com\/upstreamottawa?fref=ts\">Facebook<\/a><\/p><\/div>\n\t\t\t\t<\/div>\n\t\t\t\t\t\t\t\t<\/div>\n\t\t\t\t\t\t<\/div>\n\t\t\t\t<\/div>\n\t\t\t\t<div class=\"elementor-element elementor-element-2834b39 elementor-widget elementor-widget-html\" data-id=\"2834b39\" data-element_type=\"widget\" data-e-type=\"widget\" data-widget_type=\"html.default\">\n\t\t\t\t<div class=\"elementor-widget-container\">\n\t\t\t\t\t<style class=\"accordion-closed-on-load\">\nbody:not(.elementor-editor-active) .elementor-widget-accordion .elementor-tab-content {\ndisplay: none!important;\n}\n<\/style>\n<script>\nwindow.addEventListener('load', function() {\nsetTimeout(function(){\ndocument.querySelector('.accordion-closed-on-load').remove();\nlet accordionsElems = document.querySelectorAll('.elementor-widget-accordion')\naccordionsElems.forEach(e => {\nlet activeTitle = e.querySelector('.elementor-tab-title.elementor-active');\nlet activeContent = e.querySelector('.elementor-tab-content.elementor-active')\njQuery(activeContent).hide();\nactiveTitle.classList.remove('elementor-active');\nactiveContent.classList.remove('elementor-active');\nactiveContent.setAttribute('hidden','hidden');\nactiveTitle.setAttribute('aria-expanded',false);\nactiveTitle.setAttribute('aria-selected',false);\nactiveTitle.setAttribute('tabindex',-1);\n});\n},100);\n});\n<\/script>\t\t\t\t<\/div>\n\t\t\t\t<\/div>\n\t\t\t\t\t<\/div>\n\t\t\t\t<\/div>\n\t\t<div class=\"elementor-element elementor-element-02b3e95 e-flex e-con-boxed e-con e-child\" data-id=\"02b3e95\" data-element_type=\"container\" data-e-type=\"container\">\n\t\t\t\t\t<div class=\"e-con-inner\">\n\t\t\t\t<div class=\"elementor-element elementor-element-8a13cff elementor-widget elementor-widget-accordion\" data-id=\"8a13cff\" data-element_type=\"widget\" data-e-type=\"widget\" data-widget_type=\"accordion.default\">\n\t\t\t\t<div class=\"elementor-widget-container\">\n\t\t\t\t\t\t\t<div class=\"elementor-accordion\">\n\t\t\t\t\t\t\t<div class=\"elementor-accordion-item\">\n\t\t\t\t\t<div id=\"elementor-tab-title-1441\" class=\"elementor-tab-title\" data-tab=\"1\" role=\"button\" aria-controls=\"elementor-tab-content-1441\" aria-expanded=\"false\">\n\t\t\t\t\t\t\t\t\t\t\t\t\t<span class=\"elementor-accordion-icon elementor-accordion-icon-right\" aria-hidden=\"true\">\n\t\t\t\t\t\t\t\t\t\t\t\t\t\t\t<span class=\"elementor-accordion-icon-closed\"><i class=\"fas fa-chevron-down\"><\/i><\/span>\n\t\t\t\t\t\t\t\t<span class=\"elementor-accordion-icon-opened\"><i class=\"fas fa-chevron-up\"><\/i><\/span>\n\t\t\t\t\t\t\t\t\t\t\t\t\t\t<\/span>\n\t\t\t\t\t\t\t\t\t\t\t\t<a class=\"elementor-accordion-title\" tabindex=\"0\">Peel<\/a>\n\t\t\t\t\t<\/div>\n\t\t\t\t\t<div id=\"elementor-tab-content-1441\" class=\"elementor-tab-content elementor-clearfix\" data-tab=\"1\" role=\"region\" aria-labelledby=\"elementor-tab-title-1441\" data-no-translation=\"\" data-trp-gettext=\"\"><p><strong><a href=\"https:\/\/rootscs.org\/amani\">Services Communautaires Roots<\/a> compte deux sites :<\/strong><\/p><ul><li style=\"font-weight: 400;\" aria-level=\"1\"><span style=\"font-weight: 400;\">Bureau de Brampton : 36, rue Queen Est, niveau inf\u00e9rieur, \u00e9difice Goodison, Brampton, ON, L6B 1A2<\/span><span style=\"font-weight: 400;\"><br \/><\/span><\/li><li style=\"font-weight: 400;\" aria-level=\"1\"><span style=\"font-weight: 400;\">Bureau de Mississauga : 2227, South Millway, bureau 202, Mississauga ON, L5L 3R6)<\/span><\/li><\/ul><p><span style=\"font-weight: 400;\"><br \/>Pour plus d\u2019informations ou pour prendre rendez-vous, appelez le 647-812-8545 ou envoyez un courriel \u00e0 <a href=\"mailto:amani@rootscs.org\">amani@rootscs.org<\/a><br \/><\/span><\/p><p><a href=\"https:\/\/www.instagram.com\/rootscspeel\">Instagram<\/a> | <a href=\"https:\/\/www.facebook.com\/RootsCSI\">Facebook<\/a><\/p><\/div>\n\t\t\t\t<\/div>\n\t\t\t\t\t\t\t<div class=\"elementor-accordion-item\">\n\t\t\t\t\t<div id=\"elementor-tab-title-1442\" class=\"elementor-tab-title\" data-tab=\"2\" role=\"button\" aria-controls=\"elementor-tab-content-1442\" aria-expanded=\"false\">\n\t\t\t\t\t\t\t\t\t\t\t\t\t<span class=\"elementor-accordion-icon elementor-accordion-icon-right\" aria-hidden=\"true\">\n\t\t\t\t\t\t\t\t\t\t\t\t\t\t\t<span class=\"elementor-accordion-icon-closed\"><i class=\"fas fa-chevron-down\"><\/i><\/span>\n\t\t\t\t\t\t\t\t<span class=\"elementor-accordion-icon-opened\"><i class=\"fas fa-chevron-up\"><\/i><\/span>\n\t\t\t\t\t\t\t\t\t\t\t\t\t\t<\/span>\n\t\t\t\t\t\t\t\t\t\t\t\t<a class=\"elementor-accordion-title\" tabindex=\"0\">Scarborough<\/a>\n\t\t\t\t\t<\/div>\n\t\t\t\t\t<div id=\"elementor-tab-content-1442\" class=\"elementor-tab-content elementor-clearfix\" data-tab=\"2\" role=\"region\" aria-labelledby=\"elementor-tab-title-1442\" data-no-translation=\"\" data-trp-gettext=\"\"><p><strong><a href=\"https:\/\/www.taibuchc.ca\/fr\/le-programme-amani\/\">Centre de sant\u00e9 communautaire TAIBU<\/a><br \/><\/strong><span style=\"font-weight: 400;\">27, chemin Tapscott, unit\u00e9 #1, Toronto, ON, M1B\u00a04Y7<\/span><\/p><p><span style=\"font-weight: 400;\">Pour \u00eatre orient\u00e9 ou en savoir plus sur le programme, veuillez appeler le 416-679-2735 x212 ou envoyer un courriel \u00e0 <a href=\"mailto:info@taibuchc.ca\">info@taibuchc.ca<\/a> <\/span><\/p><p><a href=\"https:\/\/www.instagram.com\/taibuchc\/\">Instagram<\/a> | <a href=\"https:\/\/www.facebook.com\/TAIBUCommunity\/\">Facebook<\/a><\/p><\/div>\n\t\t\t\t<\/div>\n\t\t\t\t\t\t\t<div class=\"elementor-accordion-item\">\n\t\t\t\t\t<div id=\"elementor-tab-title-1443\" class=\"elementor-tab-title\" data-tab=\"3\" role=\"button\" aria-controls=\"elementor-tab-content-1443\" aria-expanded=\"false\">\n\t\t\t\t\t\t\t\t\t\t\t\t\t<span class=\"elementor-accordion-icon elementor-accordion-icon-right\" aria-hidden=\"true\">\n\t\t\t\t\t\t\t\t\t\t\t\t\t\t\t<span class=\"elementor-accordion-icon-closed\"><i class=\"fas fa-chevron-down\"><\/i><\/span>\n\t\t\t\t\t\t\t\t<span class=\"elementor-accordion-icon-opened\"><i class=\"fas fa-chevron-up\"><\/i><\/span>\n\t\t\t\t\t\t\t\t\t\t\t\t\t\t<\/span>\n\t\t\t\t\t\t\t\t\t\t\t\t<a class=\"elementor-accordion-title\" tabindex=\"0\">Toronto<\/a>\n\t\t\t\t\t<\/div>\n\t\t\t\t\t<div id=\"elementor-tab-content-1443\" class=\"elementor-tab-content elementor-clearfix\" data-tab=\"3\" role=\"region\" aria-labelledby=\"elementor-tab-title-1443\" data-no-translation=\"\" data-trp-gettext=\"\"><p><strong><a href=\"https:\/\/www.camh.ca\/en\/patients-and-families\/programs-and-services\/amani-mental-health-and-substance-use-program\">Centre de toxicomanie et de sant\u00e9 mentale (CAMH)<\/a><br \/><\/strong><span style=\"font-weight: 400;\">80, chemin Workman, Toronto, ON, M6J\u00a01H4<\/span><\/p><p><span style=\"font-weight: 400;\">Pour \u00eatre orient\u00e9, contactez ACCESS CAMH (416-535-8501, option\u00a02)<\/span><\/p><p><span style=\"font-weight: 400;\">Pour en savoir plus sur le programme, veuillez appeler le 416-535-8501, poste 30655 ou <\/span><span style=\"font-weight: 400;\">envoyer un courriel \u00e0<\/span><span style=\"font-weight: 400;\"> <a href=\"mailto:amani@camh.ca\">amani@camh.ca<\/a><\/span><\/p><p><a href=\"https:\/\/www.instagram.com\/camhnews\/?hl=en\">Instagram<\/a> | <a href=\"https:\/\/www.facebook.com\/CentreforAddictionandMentalHealth\/\">Facebook<\/a><\/p><\/div>\n\t\t\t\t<\/div>\n\t\t\t\t\t\t\t<div class=\"elementor-accordion-item\">\n\t\t\t\t\t<div id=\"elementor-tab-title-1444\" class=\"elementor-tab-title\" data-tab=\"4\" role=\"button\" aria-controls=\"elementor-tab-content-1444\" aria-expanded=\"false\">\n\t\t\t\t\t\t\t\t\t\t\t\t\t<span class=\"elementor-accordion-icon elementor-accordion-icon-right\" aria-hidden=\"true\">\n\t\t\t\t\t\t\t\t\t\t\t\t\t\t\t<span class=\"elementor-accordion-icon-closed\"><i class=\"fas fa-chevron-down\"><\/i><\/span>\n\t\t\t\t\t\t\t\t<span class=\"elementor-accordion-icon-opened\"><i class=\"fas fa-chevron-up\"><\/i><\/span>\n\t\t\t\t\t\t\t\t\t\t\t\t\t\t<\/span>\n\t\t\t\t\t\t\t\t\t\t\t\t<a class=\"elementor-accordion-title\" tabindex=\"0\">Windsor<\/a>\n\t\t\t\t\t<\/div>\n\t\t\t\t\t<div id=\"elementor-tab-content-1444\" class=\"elementor-tab-content elementor-clearfix\" data-tab=\"4\" role=\"region\" aria-labelledby=\"elementor-tab-title-1444\" data-no-translation=\"\" data-trp-gettext=\"\"><p><strong><a href=\"https:\/\/wechc.org\/amani-mental-health-substance-use-program\/\">Centre de sant\u00e9 communautaire Windsor-Essex<\/a><\/strong><\/p><p><span style=\"font-weight: 400;\">Le Centre de sant\u00e9 communautaire Windsor-Essex dispose de plusieurs sites, mais ce programme est dispens\u00e9 sur le site du Centre de sant\u00e9 pour adolescents :<\/span><\/p><ul><li><span style=\"font-weight: 400;\">Centre de sant\u00e9 pour adolescents : 1361\u00a0 avenue Ouellette, unit\u00e9 101, Windsor, ON, N8X 1J6<\/span><\/li><\/ul><p><span style=\"font-weight: 400;\">Pour plus d\u2019informations ou pour prendre rendez-vous, appelez le 519-253-8481.<\/span><\/p><p><a href=\"https:\/\/www.facebook.com\/weCHC519\">Facebook<\/a><\/p><\/div>\n\t\t\t\t<\/div>\n\t\t\t\t\t\t\t\t<\/div>\n\t\t\t\t\t\t<\/div>\n\t\t\t\t<\/div>\n\t\t\t\t\t<\/div>\n\t\t\t\t<\/div>\n\t\t\t\t<\/div>\n\t\t\t\t<div class=\"elementor-element elementor-element-8145104 elementor-align-center elementor-widget elementor-widget-button\" data-id=\"8145104\" data-element_type=\"widget\" data-e-type=\"widget\" data-widget_type=\"button.default\">\n\t\t\t\t<div class=\"elementor-widget-container\">\n\t\t\t\t\t\t\t\t\t<div class=\"elementor-button-wrapper\">\n\t\t\t\t\t<a class=\"elementor-button elementor-button-link elementor-size-sm elementor-animation-float\" href=\"https:\/\/amaniservices.ca\/fr\/sante-mentale-et-usage-de-substances\/\">\n\t\t\t\t\t\t<span class=\"elementor-button-content-wrapper\">\n\t\t\t\t\t\t\t\t\t<span class=\"elementor-button-text\">En savoir plus sur nos services<\/span>\n\t\t\t\t\t<\/span>\n\t\t\t\t\t<\/a>\n\t\t\t\t<\/div>\n\t\t\t\t\t\t\t\t<\/div>\n\t\t\t\t<\/div>\n\t\t\t\t\t<\/div>\n\t\t\t\t<\/div>\n\t\t\t\t<\/div>","protected":false},"excerpt":{"rendered":"<p>Prenez contact avec AMANI Pour en savoir plus sur notre organisation, ou pour toute demande li\u00e9e aux m\u00e9dias, \u00e0 des pr\u00e9sentations ou autres, veuillez \u00e9crire \u00e0 notre \u00e9quipe \u00e0 l\u2019adresse suivante: info.amani@camh.ca Pour une orientation directe vers les services d\u2019AMANI Si vous souhaitez acc\u00e9der \u00e0 notre Programme de sant\u00e9 mentale et d\u2019usage de substances, veuillez [&hellip;]<\/p>\n","protected":false},"author":1,"featured_media":0,"parent":0,"menu_order":0,"comment_status":"closed","ping_status":"closed","template":"","meta":{"_acf_changed":false,"footnotes":""},"class_list":["post-3078","page","type-page","status-publish","hentry"],"acf":[],"_links":{"self":[{"href":"https:\/\/amaniservices.ca\/fr\/wp-json\/wp\/v2\/pages\/3078","targetHints":{"allow":["GET"]}}],"collection":[{"href":"https:\/\/amaniservices.ca\/fr\/wp-json\/wp\/v2\/pages"}],"about":[{"href":"https:\/\/amaniservices.ca\/fr\/wp-json\/wp\/v2\/types\/page"}],"author":[{"embeddable":true,"href":"https:\/\/amaniservices.ca\/fr\/wp-json\/wp\/v2\/users\/1"}],"replies":[{"embeddable":true,"href":"https:\/\/amaniservices.ca\/fr\/wp-json\/wp\/v2\/comments?post=3078"}],"version-history":[{"count":76,"href":"https:\/\/amaniservices.ca\/fr\/wp-json\/wp\/v2\/pages\/3078\/revisions"}],"predecessor-version":[{"id":3807,"href":"https:\/\/amaniservices.ca\/fr\/wp-json\/wp\/v2\/pages\/3078\/revisions\/3807"}],"wp:attachment":[{"href":"https:\/\/amaniservices.ca\/fr\/wp-json\/wp\/v2\/media?parent=3078"}],"curies":[{"name":"wp","href":"https:\/\/api.w.org\/{rel}","templated":true}]}}