{"id":3081,"date":"2025-03-31T19:11:14","date_gmt":"2025-03-31T19:11:14","guid":{"rendered":"https:\/\/amaniservices.ca\/?page_id=3081"},"modified":"2025-07-16T17:06:22","modified_gmt":"2025-07-16T17:06:22","slug":"centre-de-justice-du-nord-ouest","status":"publish","type":"page","link":"https:\/\/amaniservices.ca\/fr\/centre-de-justice-du-nord-ouest\/","title":{"rendered":"Centre de justice du nord-ouest"},"content":{"rendered":"<div data-elementor-type=\"wp-page\" data-elementor-id=\"3081\" class=\"elementor elementor-3081\" data-elementor-post-type=\"page\">\n\t\t\t\t<div class=\"elementor-element elementor-element-70571f8 e-flex e-con-boxed e-con e-parent\" data-id=\"70571f8\" data-element_type=\"container\" data-e-type=\"container\" data-settings=\"{&quot;background_background&quot;:&quot;classic&quot;}\">\n\t\t\t\t\t<div class=\"e-con-inner\">\n\t\t\t\t<div class=\"elementor-element elementor-element-fe2606b elementor-widget elementor-widget-heading\" data-id=\"fe2606b\" data-element_type=\"widget\" data-e-type=\"widget\" data-widget_type=\"heading.default\">\n\t\t\t\t<div class=\"elementor-widget-container\">\n\t\t\t\t\t<h2 class=\"elementor-heading-title elementor-size-default\">Programmes et services<\/h2>\t\t\t\t<\/div>\n\t\t\t\t<\/div>\n\t\t\t\t<div class=\"elementor-element elementor-element-6e40880 elementor-widget-divider--view-line elementor-widget elementor-widget-divider\" data-id=\"6e40880\" data-element_type=\"widget\" data-e-type=\"widget\" data-widget_type=\"divider.default\">\n\t\t\t\t<div class=\"elementor-widget-container\">\n\t\t\t\t\t\t\t<div class=\"elementor-divider\">\n\t\t\t<span class=\"elementor-divider-separator\">\n\t\t\t\t\t\t<\/span>\n\t\t<\/div>\n\t\t\t\t\t\t<\/div>\n\t\t\t\t<\/div>\n\t\t\t\t\t<\/div>\n\t\t\t\t<\/div>\n\t\t<div class=\"elementor-element elementor-element-9f8d517 e-flex e-con-boxed e-con e-parent\" data-id=\"9f8d517\" data-element_type=\"container\" data-e-type=\"container\" data-settings=\"{&quot;background_background&quot;:&quot;classic&quot;}\">\n\t\t\t\t\t<div class=\"e-con-inner\">\n\t\t<div class=\"elementor-element elementor-element-d46fe24 e-con-full e-flex e-con e-child\" data-id=\"d46fe24\" data-element_type=\"container\" data-e-type=\"container\">\n\t\t\t\t<div class=\"elementor-element elementor-element-3e0b04e elementor-widget__width-initial elementor-widget elementor-widget-image\" data-id=\"3e0b04e\" data-element_type=\"widget\" data-e-type=\"widget\" data-widget_type=\"image.default\">\n\t\t\t\t<div class=\"elementor-widget-container\">\n\t\t\t\t\t\t\t\t\t\t\t\t\t\t\t<img fetchpriority=\"high\" decoding=\"async\" width=\"800\" height=\"581\" src=\"https:\/\/amaniservices.ca\/wp-content\/uploads\/2024\/02\/Amplify-banners-FINALS_2-05-1024x744.png\" class=\"attachment-large size-large wp-image-2314\" alt=\"Mom and son smiling\" srcset=\"https:\/\/amaniservices.ca\/wp-content\/uploads\/2024\/02\/Amplify-banners-FINALS_2-05-1024x744.png 1024w, https:\/\/amaniservices.ca\/wp-content\/uploads\/2024\/02\/Amplify-banners-FINALS_2-05-300x218.png 300w, https:\/\/amaniservices.ca\/wp-content\/uploads\/2024\/02\/Amplify-banners-FINALS_2-05-768x558.png 768w, https:\/\/amaniservices.ca\/wp-content\/uploads\/2024\/02\/Amplify-banners-FINALS_2-05-1536x1116.png 1536w, https:\/\/amaniservices.ca\/wp-content\/uploads\/2024\/02\/Amplify-banners-FINALS_2-05-2048x1488.png 2048w\" sizes=\"(max-width: 800px) 100vw, 800px\" \/>\t\t\t\t\t\t\t\t\t\t\t\t\t\t\t<\/div>\n\t\t\t\t<\/div>\n\t\t\t\t<\/div>\n\t\t<div class=\"elementor-element elementor-element-6859510 e-flex e-con-boxed e-con e-child\" data-id=\"6859510\" data-element_type=\"container\" data-e-type=\"container\">\n\t\t\t\t\t<div class=\"e-con-inner\">\n\t\t\t\t<div class=\"elementor-element elementor-element-feab335 elementor-widget elementor-widget-text-editor\" data-id=\"feab335\" data-element_type=\"widget\" data-e-type=\"widget\" data-widget_type=\"text-editor.default\">\n\t\t\t\t<div class=\"elementor-widget-container\">\n\t\t\t\t\t\t\t\t\t<p>Le Centre de justice du nord-ouest de Toronto propose des programmes cibl\u00e9s et un soutien communautaire multisectoriel destin\u00e9 aux jeunes. Ces initiatives visent \u00e0 s\u2019attaquer aux causes profondes de la criminalit\u00e9, \u00e0 briser le cycle des infractions et \u00e0 renforcer la s\u00e9curit\u00e9 dans la communaut\u00e9.<\/p>\t\t\t\t\t\t\t\t<\/div>\n\t\t\t\t<\/div>\n\t\t\t\t<div class=\"elementor-element elementor-element-a2bc6d7 elementor-widget elementor-widget-text-editor\" data-id=\"a2bc6d7\" data-element_type=\"widget\" data-e-type=\"widget\" data-widget_type=\"text-editor.default\">\n\t\t\t\t<div class=\"elementor-widget-container\">\n\t\t\t\t\t\t\t\t\t<p>Les participants ont acc\u00e8s \u00e0 plusieurs opportunit\u00e9s : d\u00e9veloppement de comp\u00e9tences, reprise des \u00e9tudes, am\u00e9lioration des relations familiales, ainsi que soutien en sant\u00e9 mentale et en usage de substances.<\/p>\t\t\t\t\t\t\t\t<\/div>\n\t\t\t\t<\/div>\n\t\t\t\t<div class=\"elementor-element elementor-element-c30d04a elementor-widget elementor-widget-text-editor\" data-id=\"c30d04a\" data-element_type=\"widget\" data-e-type=\"widget\" data-widget_type=\"text-editor.default\">\n\t\t\t\t<div class=\"elementor-widget-container\">\n\t\t\t\t\t\t\t\t\t<p>AMANI collabore avec le Centre de justice du nord-ouest pour offrir un accompagnement en sant\u00e9 mentale : consultations, \u00e9valuations, traitements, ainsi que des formations et du renforcement des capacit\u00e9s pour les prestataires de services.<\/p>\t\t\t\t\t\t\t\t<\/div>\n\t\t\t\t<\/div>\n\t\t\t\t\t<\/div>\n\t\t\t\t<\/div>\n\t\t\t\t\t<\/div>\n\t\t\t\t<\/div>\n\t\t\t\t<\/div>","protected":false},"excerpt":{"rendered":"<p>Programmes et services Le Centre de justice du nord-ouest de Toronto propose des programmes cibl\u00e9s et un soutien communautaire multisectoriel destin\u00e9 aux jeunes. Ces initiatives visent \u00e0 s\u2019attaquer aux causes profondes de la criminalit\u00e9, \u00e0 briser le cycle des infractions et \u00e0 renforcer la s\u00e9curit\u00e9 dans la communaut\u00e9. Les participants ont acc\u00e8s \u00e0 plusieurs opportunit\u00e9s [&hellip;]<\/p>\n","protected":false},"author":1,"featured_media":0,"parent":0,"menu_order":0,"comment_status":"closed","ping_status":"closed","template":"","meta":{"_acf_changed":false,"footnotes":""},"class_list":["post-3081","page","type-page","status-publish","hentry"],"acf":[],"_links":{"self":[{"href":"https:\/\/amaniservices.ca\/fr\/wp-json\/wp\/v2\/pages\/3081","targetHints":{"allow":["GET"]}}],"collection":[{"href":"https:\/\/amaniservices.ca\/fr\/wp-json\/wp\/v2\/pages"}],"about":[{"href":"https:\/\/amaniservices.ca\/fr\/wp-json\/wp\/v2\/types\/page"}],"author":[{"embeddable":true,"href":"https:\/\/amaniservices.ca\/fr\/wp-json\/wp\/v2\/users\/1"}],"replies":[{"embeddable":true,"href":"https:\/\/amaniservices.ca\/fr\/wp-json\/wp\/v2\/comments?post=3081"}],"version-history":[{"count":7,"href":"https:\/\/amaniservices.ca\/fr\/wp-json\/wp\/v2\/pages\/3081\/revisions"}],"predecessor-version":[{"id":3454,"href":"https:\/\/amaniservices.ca\/fr\/wp-json\/wp\/v2\/pages\/3081\/revisions\/3454"}],"wp:attachment":[{"href":"https:\/\/amaniservices.ca\/fr\/wp-json\/wp\/v2\/media?parent=3081"}],"curies":[{"name":"wp","href":"https:\/\/api.w.org\/{rel}","templated":true}]}}